{"id":14844,"date":"2021-12-16T09:51:21","date_gmt":"2021-12-16T07:51:21","guid":{"rendered":"https:\/\/acsglobal.ro\/product\/ata-100-pe-cont-pplus-no-1-4-500m-con\/"},"modified":"2021-12-16T09:52:01","modified_gmt":"2021-12-16T07:52:01","slug":"ata-100-pe-cont-pplus-no-1-4-500m-con","status":"publish","type":"product","link":"https:\/\/acsglobal.ro\/en\/product\/ata-100-pe-cont-pplus-no-1-4-500m-con\/","title":{"rendered":"A\u0162\u0102 100% PE CONT. PPLUS NO 1.4, 500M\/CON"},"content":{"rendered":"","protected":false},"excerpt":{"rendered":"<p>P-PLUS este un fir 100% din poliester, \u00eempletit de mare tenacitate, fin cerat, pentru cusut manual \u015fi la ma\u015fin\u0103. Are elonga\u0163ie mic\u0103, rezisten\u0163\u0103 mare \u015fi frecare mic\u0103.<\/p>","protected":false},"featured_media":14840,"template":"","meta":[],"product_brand":[],"product_cat":[60,216],"product_tag":[],"class_list":{"0":"post-14844","1":"product","2":"type-product","3":"status-publish","4":"has-post-thumbnail","6":"product_cat-ata-de-cusut","7":"product_cat-ata-p-plus","8":"cms-has-post-thumbnail","10":"first","11":"instock","12":"shipping-taxable","13":"purchasable","14":"product-type-variable"},"_links":{"self":[{"href":"https:\/\/acsglobal.ro\/en\/wp-json\/wp\/v2\/product\/14844","targetHints":{"allow":["GET"]}}],"collection":[{"href":"https:\/\/acsglobal.ro\/en\/wp-json\/wp\/v2\/product"}],"about":[{"href":"https:\/\/acsglobal.ro\/en\/wp-json\/wp\/v2\/types\/product"}],"wp:featuredmedia":[{"embeddable":true,"href":"https:\/\/acsglobal.ro\/en\/wp-json\/wp\/v2\/media\/14840"}],"wp:attachment":[{"href":"https:\/\/acsglobal.ro\/en\/wp-json\/wp\/v2\/media?parent=14844"}],"wp:term":[{"taxonomy":"product_brand","embeddable":true,"href":"https:\/\/acsglobal.ro\/en\/wp-json\/wp\/v2\/product_brand?post=14844"},{"taxonomy":"product_cat","embeddable":true,"href":"https:\/\/acsglobal.ro\/en\/wp-json\/wp\/v2\/product_cat?post=14844"},{"taxonomy":"product_tag","embeddable":true,"href":"https:\/\/acsglobal.ro\/en\/wp-json\/wp\/v2\/product_tag?post=14844"}],"curies":[{"name":"wp","href":"https:\/\/api.w.org\/{rel}","templated":true}]}}