{"id":14869,"date":"2021-12-16T09:52:16","date_gmt":"2021-12-16T07:52:16","guid":{"rendered":"https:\/\/acsglobal.ro\/product\/ata-coconi-100-poliester-fir-continuu-diferite-grosimi-201-alb-natur\/"},"modified":"2021-12-16T09:52:23","modified_gmt":"2021-12-16T07:52:23","slug":"ata-coconi-100-poliester-fir-continuu-diferite-grosimi-201-alb-natur","status":"publish","type":"product","link":"https:\/\/acsglobal.ro\/en\/product\/ata-coconi-100-poliester-fir-continuu-diferite-grosimi-201-alb-natur\/","title":{"rendered":"A\u0162\u0102 COCONI 100% POLIESTER FIR CONTINUU, DIFERITE GROSIMI &#8211; 201, ALB NATUR"},"content":{"rendered":"","protected":false},"excerpt":{"rendered":"<p>A\u0163\u0103\u00a0pentru suveica inferioar\u0103 de la ma\u015finile de matlasat cu ace multiple; o varietate de fire pot fi \u00eenf\u0103\u015furate \u00een coconi, precum poliester continuu, fire ranforsate \u015fi fire discontinue<\/p>","protected":false},"featured_media":14868,"template":"","meta":[],"product_brand":[],"product_cat":[60,103],"product_tag":[],"class_list":{"0":"post-14869","1":"product","2":"type-product","3":"status-publish","4":"has-post-thumbnail","6":"product_cat-ata-de-cusut","7":"product_cat-coconi","8":"cms-has-post-thumbnail","10":"first","11":"instock","12":"shipping-taxable","13":"purchasable","14":"product-type-variable"},"_links":{"self":[{"href":"https:\/\/acsglobal.ro\/en\/wp-json\/wp\/v2\/product\/14869","targetHints":{"allow":["GET"]}}],"collection":[{"href":"https:\/\/acsglobal.ro\/en\/wp-json\/wp\/v2\/product"}],"about":[{"href":"https:\/\/acsglobal.ro\/en\/wp-json\/wp\/v2\/types\/product"}],"wp:featuredmedia":[{"embeddable":true,"href":"https:\/\/acsglobal.ro\/en\/wp-json\/wp\/v2\/media\/14868"}],"wp:attachment":[{"href":"https:\/\/acsglobal.ro\/en\/wp-json\/wp\/v2\/media?parent=14869"}],"wp:term":[{"taxonomy":"product_brand","embeddable":true,"href":"https:\/\/acsglobal.ro\/en\/wp-json\/wp\/v2\/product_brand?post=14869"},{"taxonomy":"product_cat","embeddable":true,"href":"https:\/\/acsglobal.ro\/en\/wp-json\/wp\/v2\/product_cat?post=14869"},{"taxonomy":"product_tag","embeddable":true,"href":"https:\/\/acsglobal.ro\/en\/wp-json\/wp\/v2\/product_tag?post=14869"}],"curies":[{"name":"wp","href":"https:\/\/api.w.org\/{rel}","templated":true}]}}