{"id":14875,"date":"2021-12-16T09:52:27","date_gmt":"2021-12-16T07:52:27","guid":{"rendered":"https:\/\/acsglobal.ro\/product\/ata-coconi-100-poliester-texturat-160-ct10\/"},"modified":"2021-12-17T17:22:42","modified_gmt":"2021-12-17T15:22:42","slug":"ata-coconi-100-poliester-texturat-160-ct10","status":"publish","type":"product","link":"https:\/\/acsglobal.ro\/en\/product\/ata-coconi-100-poliester-texturat-160-ct10\/","title":{"rendered":"A\u0162\u0102 COCONI 100% POLIESTER TEXTURAT 160-CT10"},"content":{"rendered":"","protected":false},"excerpt":{"rendered":"<p>A\u0163\u0103\u00a0pentru suveica inferioar\u0103 de la ma\u015finile de matlasat cu ace multiple; o varietate de fire pot fi \u00eenf\u0103\u015furate \u00een coconi, precum poliester continuu, fire ranforsate \u015fi fire discontinue<\/p>","protected":false},"featured_media":14873,"template":"","meta":[],"product_brand":[],"product_cat":[60,103],"product_tag":[],"class_list":{"0":"post-14875","1":"product","2":"type-product","3":"status-publish","4":"has-post-thumbnail","6":"product_cat-ata-de-cusut","7":"product_cat-coconi","8":"cms-has-post-thumbnail","10":"first","11":"instock","12":"shipping-taxable","13":"purchasable","14":"product-type-variable"},"_links":{"self":[{"href":"https:\/\/acsglobal.ro\/en\/wp-json\/wp\/v2\/product\/14875","targetHints":{"allow":["GET"]}}],"collection":[{"href":"https:\/\/acsglobal.ro\/en\/wp-json\/wp\/v2\/product"}],"about":[{"href":"https:\/\/acsglobal.ro\/en\/wp-json\/wp\/v2\/types\/product"}],"wp:featuredmedia":[{"embeddable":true,"href":"https:\/\/acsglobal.ro\/en\/wp-json\/wp\/v2\/media\/14873"}],"wp:attachment":[{"href":"https:\/\/acsglobal.ro\/en\/wp-json\/wp\/v2\/media?parent=14875"}],"wp:term":[{"taxonomy":"product_brand","embeddable":true,"href":"https:\/\/acsglobal.ro\/en\/wp-json\/wp\/v2\/product_brand?post=14875"},{"taxonomy":"product_cat","embeddable":true,"href":"https:\/\/acsglobal.ro\/en\/wp-json\/wp\/v2\/product_cat?post=14875"},{"taxonomy":"product_tag","embeddable":true,"href":"https:\/\/acsglobal.ro\/en\/wp-json\/wp\/v2\/product_tag?post=14875"}],"curies":[{"name":"wp","href":"https:\/\/api.w.org\/{rel}","templated":true}]}}