{"id":14891,"date":"2021-12-16T09:52:55","date_gmt":"2021-12-16T07:52:55","guid":{"rendered":"https:\/\/acsglobal.ro\/product\/banda-velcro-50mmx25m-aspru-diferite-culori\/"},"modified":"2021-12-16T09:52:55","modified_gmt":"2021-12-16T07:52:55","slug":"banda-velcro-50mmx25m-aspru-diferite-culori","status":"publish","type":"product","link":"https:\/\/acsglobal.ro\/en\/product\/banda-velcro-50mmx25m-aspru-diferite-culori\/","title":{"rendered":"BAND\u0102 VELCRO 50MMX25M, ASPRU, DIFERITE CULORI"},"content":{"rendered":"","protected":false},"excerpt":{"rendered":"<p>Band\u0103 aspr\u0103 tip scai\/arici<\/p>","protected":false},"featured_media":14889,"template":"","meta":[],"product_brand":[],"product_cat":[105,61],"product_tag":[],"class_list":{"0":"post-14891","1":"product","2":"type-product","3":"status-publish","4":"has-post-thumbnail","6":"product_cat-aspru","7":"product_cat-banda-scai-velcro","8":"cms-has-post-thumbnail","10":"first","11":"instock","12":"shipping-taxable","13":"purchasable","14":"product-type-simple"},"_links":{"self":[{"href":"https:\/\/acsglobal.ro\/en\/wp-json\/wp\/v2\/product\/14891","targetHints":{"allow":["GET"]}}],"collection":[{"href":"https:\/\/acsglobal.ro\/en\/wp-json\/wp\/v2\/product"}],"about":[{"href":"https:\/\/acsglobal.ro\/en\/wp-json\/wp\/v2\/types\/product"}],"wp:featuredmedia":[{"embeddable":true,"href":"https:\/\/acsglobal.ro\/en\/wp-json\/wp\/v2\/media\/14889"}],"wp:attachment":[{"href":"https:\/\/acsglobal.ro\/en\/wp-json\/wp\/v2\/media?parent=14891"}],"wp:term":[{"taxonomy":"product_brand","embeddable":true,"href":"https:\/\/acsglobal.ro\/en\/wp-json\/wp\/v2\/product_brand?post=14891"},{"taxonomy":"product_cat","embeddable":true,"href":"https:\/\/acsglobal.ro\/en\/wp-json\/wp\/v2\/product_cat?post=14891"},{"taxonomy":"product_tag","embeddable":true,"href":"https:\/\/acsglobal.ro\/en\/wp-json\/wp\/v2\/product_tag?post=14891"}],"curies":[{"name":"wp","href":"https:\/\/api.w.org\/{rel}","templated":true}]}}