{"id":14913,"date":"2021-12-16T09:53:23","date_gmt":"2021-12-16T07:53:23","guid":{"rendered":"https:\/\/acsglobal.ro\/product\/cheita-fara-blocare-pt-fermoar-nr-3\/"},"modified":"2021-12-16T09:53:23","modified_gmt":"2021-12-16T07:53:23","slug":"cheita-fara-blocare-pt-fermoar-nr-3","status":"publish","type":"product","link":"https:\/\/acsglobal.ro\/en\/product\/cheita-fara-blocare-pt-fermoar-nr-3\/","title":{"rendered":"CHEI\u0162\u0102 F\u0102R\u0102 BLOCARE PT. FERMOAR NR.3"},"content":{"rendered":"","protected":false},"excerpt":{"rendered":"<p>Chei\u0163e \u00eenchidere fermoar nr. 3<\/p>","protected":false},"featured_media":14911,"template":"","meta":[],"product_brand":[],"product_cat":[108,62],"product_tag":[],"class_list":{"0":"post-14913","1":"product","2":"type-product","3":"status-publish","4":"has-post-thumbnail","6":"product_cat-cheite","7":"product_cat-fermoare","8":"cms-has-post-thumbnail","10":"first","11":"instock","12":"shipping-taxable","13":"purchasable","14":"product-type-simple"},"_links":{"self":[{"href":"https:\/\/acsglobal.ro\/en\/wp-json\/wp\/v2\/product\/14913","targetHints":{"allow":["GET"]}}],"collection":[{"href":"https:\/\/acsglobal.ro\/en\/wp-json\/wp\/v2\/product"}],"about":[{"href":"https:\/\/acsglobal.ro\/en\/wp-json\/wp\/v2\/types\/product"}],"wp:featuredmedia":[{"embeddable":true,"href":"https:\/\/acsglobal.ro\/en\/wp-json\/wp\/v2\/media\/14911"}],"wp:attachment":[{"href":"https:\/\/acsglobal.ro\/en\/wp-json\/wp\/v2\/media?parent=14913"}],"wp:term":[{"taxonomy":"product_brand","embeddable":true,"href":"https:\/\/acsglobal.ro\/en\/wp-json\/wp\/v2\/product_brand?post=14913"},{"taxonomy":"product_cat","embeddable":true,"href":"https:\/\/acsglobal.ro\/en\/wp-json\/wp\/v2\/product_cat?post=14913"},{"taxonomy":"product_tag","embeddable":true,"href":"https:\/\/acsglobal.ro\/en\/wp-json\/wp\/v2\/product_tag?post=14913"}],"curies":[{"name":"wp","href":"https:\/\/api.w.org\/{rel}","templated":true}]}}