{"id":14916,"date":"2021-12-16T09:53:27","date_gmt":"2021-12-16T07:53:27","guid":{"rendered":"https:\/\/acsglobal.ro\/product\/cheita-fara-blocare-pentru-fermoar-nr-5\/"},"modified":"2021-12-16T09:53:27","modified_gmt":"2021-12-16T07:53:27","slug":"cheita-fara-blocare-pentru-fermoar-nr-5","status":"publish","type":"product","link":"https:\/\/acsglobal.ro\/en\/product\/cheita-fara-blocare-pentru-fermoar-nr-5\/","title":{"rendered":"CHEI\u0162\u0102 F\u0102R\u0102 BLOCARE PENTRU FERMOAR NR.5"},"content":{"rendered":"","protected":false},"excerpt":{"rendered":"<p>Chei\u0163e \u00eenchidere fermoar nr. 5<\/p>","protected":false},"featured_media":14914,"template":"","meta":[],"product_brand":[],"product_cat":[108,62],"product_tag":[],"class_list":{"0":"post-14916","1":"product","2":"type-product","3":"status-publish","4":"has-post-thumbnail","6":"product_cat-cheite","7":"product_cat-fermoare","8":"cms-has-post-thumbnail","10":"first","11":"instock","12":"shipping-taxable","13":"purchasable","14":"product-type-simple"},"_links":{"self":[{"href":"https:\/\/acsglobal.ro\/en\/wp-json\/wp\/v2\/product\/14916","targetHints":{"allow":["GET"]}}],"collection":[{"href":"https:\/\/acsglobal.ro\/en\/wp-json\/wp\/v2\/product"}],"about":[{"href":"https:\/\/acsglobal.ro\/en\/wp-json\/wp\/v2\/types\/product"}],"wp:featuredmedia":[{"embeddable":true,"href":"https:\/\/acsglobal.ro\/en\/wp-json\/wp\/v2\/media\/14914"}],"wp:attachment":[{"href":"https:\/\/acsglobal.ro\/en\/wp-json\/wp\/v2\/media?parent=14916"}],"wp:term":[{"taxonomy":"product_brand","embeddable":true,"href":"https:\/\/acsglobal.ro\/en\/wp-json\/wp\/v2\/product_brand?post=14916"},{"taxonomy":"product_cat","embeddable":true,"href":"https:\/\/acsglobal.ro\/en\/wp-json\/wp\/v2\/product_cat?post=14916"},{"taxonomy":"product_tag","embeddable":true,"href":"https:\/\/acsglobal.ro\/en\/wp-json\/wp\/v2\/product_tag?post=14916"}],"curies":[{"name":"wp","href":"https:\/\/api.w.org\/{rel}","templated":true}]}}