{"id":14980,"date":"2021-12-16T09:55:11","date_gmt":"2021-12-16T07:55:11","guid":{"rendered":"https:\/\/acsglobal.ro\/product\/marakesh-stofa-poliester-100\/"},"modified":"2021-12-16T09:55:11","modified_gmt":"2021-12-16T07:55:11","slug":"marakesh-stofa-poliester-100","status":"publish","type":"product","link":"https:\/\/acsglobal.ro\/en\/product\/marakesh-stofa-poliester-100\/","title":{"rendered":"MARAKESH \u2013 STOF\u0102 POLIESTER 100%"},"content":{"rendered":"","protected":false},"excerpt":{"rendered":"<p>Stof\u0103 de tapi\u0163erie din poliester cu backing gros, din material tip feltru<\/p>","protected":false},"featured_media":14978,"template":"","meta":[],"product_brand":[],"product_cat":[112,64],"product_tag":[],"class_list":{"0":"post-14980","1":"product","2":"type-product","3":"status-publish","4":"has-post-thumbnail","6":"product_cat-colectia-de-catifea","7":"product_cat-stofe","8":"cms-has-post-thumbnail","10":"first","11":"instock","12":"shipping-taxable","13":"purchasable","14":"product-type-simple"},"_links":{"self":[{"href":"https:\/\/acsglobal.ro\/en\/wp-json\/wp\/v2\/product\/14980","targetHints":{"allow":["GET"]}}],"collection":[{"href":"https:\/\/acsglobal.ro\/en\/wp-json\/wp\/v2\/product"}],"about":[{"href":"https:\/\/acsglobal.ro\/en\/wp-json\/wp\/v2\/types\/product"}],"wp:featuredmedia":[{"embeddable":true,"href":"https:\/\/acsglobal.ro\/en\/wp-json\/wp\/v2\/media\/14978"}],"wp:attachment":[{"href":"https:\/\/acsglobal.ro\/en\/wp-json\/wp\/v2\/media?parent=14980"}],"wp:term":[{"taxonomy":"product_brand","embeddable":true,"href":"https:\/\/acsglobal.ro\/en\/wp-json\/wp\/v2\/product_brand?post=14980"},{"taxonomy":"product_cat","embeddable":true,"href":"https:\/\/acsglobal.ro\/en\/wp-json\/wp\/v2\/product_cat?post=14980"},{"taxonomy":"product_tag","embeddable":true,"href":"https:\/\/acsglobal.ro\/en\/wp-json\/wp\/v2\/product_tag?post=14980"}],"curies":[{"name":"wp","href":"https:\/\/api.w.org\/{rel}","templated":true}]}}