{"id":14986,"date":"2021-12-16T09:55:21","date_gmt":"2021-12-16T07:55:21","guid":{"rendered":"https:\/\/acsglobal.ro\/product\/finesse-stofa-poliester-100\/"},"modified":"2021-12-16T09:56:22","modified_gmt":"2021-12-16T07:56:22","slug":"finesse-stofa-poliester-100","status":"publish","type":"product","link":"https:\/\/acsglobal.ro\/en\/product\/finesse-stofa-poliester-100\/","title":{"rendered":"FINESSE \u2013 STOF\u0102 POLIESTER 100%"},"content":{"rendered":"","protected":false},"excerpt":{"rendered":"<p>Stof\u0103 de tapi\u0163erie din poliester cu backing sub\u0163ire, din poliester elastic pe o direc\u0163ie<\/p>","protected":false},"featured_media":0,"template":"","meta":[],"product_brand":[],"product_cat":[112,64],"product_tag":[],"class_list":{"0":"post-14986","1":"product","2":"type-product","3":"status-publish","5":"product_cat-colectia-de-catifea","6":"product_cat-stofe","7":"cms-has-post-thumbnail","9":"first","10":"instock","11":"shipping-taxable","12":"purchasable","13":"product-type-variable"},"_links":{"self":[{"href":"https:\/\/acsglobal.ro\/en\/wp-json\/wp\/v2\/product\/14986","targetHints":{"allow":["GET"]}}],"collection":[{"href":"https:\/\/acsglobal.ro\/en\/wp-json\/wp\/v2\/product"}],"about":[{"href":"https:\/\/acsglobal.ro\/en\/wp-json\/wp\/v2\/types\/product"}],"wp:attachment":[{"href":"https:\/\/acsglobal.ro\/en\/wp-json\/wp\/v2\/media?parent=14986"}],"wp:term":[{"taxonomy":"product_brand","embeddable":true,"href":"https:\/\/acsglobal.ro\/en\/wp-json\/wp\/v2\/product_brand?post=14986"},{"taxonomy":"product_cat","embeddable":true,"href":"https:\/\/acsglobal.ro\/en\/wp-json\/wp\/v2\/product_cat?post=14986"},{"taxonomy":"product_tag","embeddable":true,"href":"https:\/\/acsglobal.ro\/en\/wp-json\/wp\/v2\/product_tag?post=14986"}],"curies":[{"name":"wp","href":"https:\/\/api.w.org\/{rel}","templated":true}]}}