{"id":15033,"date":"2021-12-16T09:57:00","date_gmt":"2021-12-16T07:57:00","guid":{"rendered":"https:\/\/acsglobal.ro\/product\/material-netesut-60gr-mp-1-60m-diferite-culori\/"},"modified":"2021-12-16T09:57:09","modified_gmt":"2021-12-16T07:57:09","slug":"material-netesut-60gr-mp-1-60m-diferite-culori","status":"publish","type":"product","link":"https:\/\/acsglobal.ro\/en\/product\/material-netesut-60gr-mp-1-60m-diferite-culori\/","title":{"rendered":"MATERIAL NE\u0162ESUT  60GR\/MP, 1.60M, DIFERITE CULORI"},"content":{"rendered":"","protected":false},"excerpt":{"rendered":"<p>Material ne\u0163esut, numit \u015fi TNT, folosit \u00een industria tapi\u0163eriei pentru a oferi protec\u0163ie \u015fi un aspect \u00eengrijit mobilierului.<\/p>","protected":false},"featured_media":15031,"template":"","meta":[],"product_brand":[],"product_cat":[65],"product_tag":[],"class_list":{"0":"post-15033","1":"product","2":"type-product","3":"status-publish","4":"has-post-thumbnail","6":"product_cat-materiale-netesute","7":"cms-has-post-thumbnail","9":"first","10":"instock","11":"shipping-taxable","12":"purchasable","13":"product-type-variable"},"_links":{"self":[{"href":"https:\/\/acsglobal.ro\/en\/wp-json\/wp\/v2\/product\/15033","targetHints":{"allow":["GET"]}}],"collection":[{"href":"https:\/\/acsglobal.ro\/en\/wp-json\/wp\/v2\/product"}],"about":[{"href":"https:\/\/acsglobal.ro\/en\/wp-json\/wp\/v2\/types\/product"}],"wp:featuredmedia":[{"embeddable":true,"href":"https:\/\/acsglobal.ro\/en\/wp-json\/wp\/v2\/media\/15031"}],"wp:attachment":[{"href":"https:\/\/acsglobal.ro\/en\/wp-json\/wp\/v2\/media?parent=15033"}],"wp:term":[{"taxonomy":"product_brand","embeddable":true,"href":"https:\/\/acsglobal.ro\/en\/wp-json\/wp\/v2\/product_brand?post=15033"},{"taxonomy":"product_cat","embeddable":true,"href":"https:\/\/acsglobal.ro\/en\/wp-json\/wp\/v2\/product_cat?post=15033"},{"taxonomy":"product_tag","embeddable":true,"href":"https:\/\/acsglobal.ro\/en\/wp-json\/wp\/v2\/product_tag?post=15033"}],"curies":[{"name":"wp","href":"https:\/\/api.w.org\/{rel}","templated":true}]}}