{"id":15043,"date":"2021-12-16T09:57:18","date_gmt":"2021-12-16T07:57:18","guid":{"rendered":"https:\/\/acsglobal.ro\/product\/material-netesut-90gr-mp-1-60m-alb\/"},"modified":"2021-12-16T09:57:18","modified_gmt":"2021-12-16T07:57:18","slug":"material-netesut-90gr-mp-1-60m-alb","status":"publish","type":"product","link":"https:\/\/acsglobal.ro\/en\/product\/material-netesut-90gr-mp-1-60m-alb\/","title":{"rendered":"MATERIAL NE\u0162ESUT  90GR\/MP, 1.60M, ALB"},"content":{"rendered":"","protected":false},"excerpt":{"rendered":"<p>Material ne\u0163esut, numit \u015fi TNT, folosit \u00een industria tapi\u0163eriei pentru a oferi protec\u0163ie \u015fi un aspect \u00eengrijit mobilierului.<\/p>","protected":false},"featured_media":15042,"template":"","meta":[],"product_brand":[],"product_cat":[65],"product_tag":[],"class_list":{"0":"post-15043","1":"product","2":"type-product","3":"status-publish","4":"has-post-thumbnail","6":"product_cat-materiale-netesute","7":"cms-has-post-thumbnail","9":"first","10":"instock","11":"shipping-taxable","12":"purchasable","13":"product-type-simple"},"_links":{"self":[{"href":"https:\/\/acsglobal.ro\/en\/wp-json\/wp\/v2\/product\/15043","targetHints":{"allow":["GET"]}}],"collection":[{"href":"https:\/\/acsglobal.ro\/en\/wp-json\/wp\/v2\/product"}],"about":[{"href":"https:\/\/acsglobal.ro\/en\/wp-json\/wp\/v2\/types\/product"}],"wp:featuredmedia":[{"embeddable":true,"href":"https:\/\/acsglobal.ro\/en\/wp-json\/wp\/v2\/media\/15042"}],"wp:attachment":[{"href":"https:\/\/acsglobal.ro\/en\/wp-json\/wp\/v2\/media?parent=15043"}],"wp:term":[{"taxonomy":"product_brand","embeddable":true,"href":"https:\/\/acsglobal.ro\/en\/wp-json\/wp\/v2\/product_brand?post=15043"},{"taxonomy":"product_cat","embeddable":true,"href":"https:\/\/acsglobal.ro\/en\/wp-json\/wp\/v2\/product_cat?post=15043"},{"taxonomy":"product_tag","embeddable":true,"href":"https:\/\/acsglobal.ro\/en\/wp-json\/wp\/v2\/product_tag?post=15043"}],"curies":[{"name":"wp","href":"https:\/\/api.w.org\/{rel}","templated":true}]}}