{"id":15077,"date":"2021-12-16T09:58:31","date_gmt":"2021-12-16T07:58:31","guid":{"rendered":"https:\/\/acsglobal.ro\/product\/dolaro-piele-sintetica\/"},"modified":"2021-12-16T09:58:57","modified_gmt":"2021-12-16T07:58:57","slug":"dolaro-piele-sintetica","status":"publish","type":"product","link":"https:\/\/acsglobal.ro\/en\/product\/dolaro-piele-sintetica\/","title":{"rendered":"DOLARO \u2013 PIELE SINTETIC\u0102"},"content":{"rendered":"","protected":false},"excerpt":{"rendered":"<p>Piele sintetic\u0103 \u00een role cu l\u0103\u0163imea de 1.40 m<\/p>","protected":false},"featured_media":15076,"template":"","meta":[],"product_brand":[],"product_cat":[116,66],"product_tag":[],"class_list":{"0":"post-15077","1":"product","2":"type-product","3":"status-publish","4":"has-post-thumbnail","6":"product_cat-design-dolaro","7":"product_cat-piele-sintetica","8":"cms-has-post-thumbnail","10":"first","11":"instock","12":"shipping-taxable","13":"purchasable","14":"product-type-variable"},"_links":{"self":[{"href":"https:\/\/acsglobal.ro\/en\/wp-json\/wp\/v2\/product\/15077","targetHints":{"allow":["GET"]}}],"collection":[{"href":"https:\/\/acsglobal.ro\/en\/wp-json\/wp\/v2\/product"}],"about":[{"href":"https:\/\/acsglobal.ro\/en\/wp-json\/wp\/v2\/types\/product"}],"wp:featuredmedia":[{"embeddable":true,"href":"https:\/\/acsglobal.ro\/en\/wp-json\/wp\/v2\/media\/15076"}],"wp:attachment":[{"href":"https:\/\/acsglobal.ro\/en\/wp-json\/wp\/v2\/media?parent=15077"}],"wp:term":[{"taxonomy":"product_brand","embeddable":true,"href":"https:\/\/acsglobal.ro\/en\/wp-json\/wp\/v2\/product_brand?post=15077"},{"taxonomy":"product_cat","embeddable":true,"href":"https:\/\/acsglobal.ro\/en\/wp-json\/wp\/v2\/product_cat?post=15077"},{"taxonomy":"product_tag","embeddable":true,"href":"https:\/\/acsglobal.ro\/en\/wp-json\/wp\/v2\/product_tag?post=15077"}],"curies":[{"name":"wp","href":"https:\/\/api.w.org\/{rel}","templated":true}]}}