{"id":15156,"date":"2021-12-16T10:00:37","date_gmt":"2021-12-16T08:00:37","guid":{"rendered":"https:\/\/acsglobal.ro\/product\/rc-z2-rapid-clip-fara-umar-din-plastic-alb\/"},"modified":"2021-12-16T10:00:37","modified_gmt":"2021-12-16T08:00:37","slug":"rc-z2-rapid-clip-fara-umar-din-plastic-alb","status":"publish","type":"product","link":"https:\/\/acsglobal.ro\/en\/product\/rc-z2-rapid-clip-fara-umar-din-plastic-alb\/","title":{"rendered":"RC Z2 \u2013 RAPID CLIP F\u0102R\u0102 UM\u0102R DIN PLASTIC, ALB"},"content":{"rendered":"","protected":false},"excerpt":{"rendered":"<p>Rapid clip din plastic pentru prindere arc sinusoidal<\/p>","protected":false},"featured_media":15154,"template":"","meta":[],"product_brand":[],"product_cat":[119,67],"product_tag":[],"class_list":{"0":"post-15156","1":"product","2":"type-product","3":"status-publish","4":"has-post-thumbnail","6":"product_cat-accesorii-de-prindere-rapid-clips","7":"product_cat-arcuri-sinusoidale","8":"cms-has-post-thumbnail","10":"first","11":"instock","12":"shipping-taxable","13":"purchasable","14":"product-type-simple"},"_links":{"self":[{"href":"https:\/\/acsglobal.ro\/en\/wp-json\/wp\/v2\/product\/15156","targetHints":{"allow":["GET"]}}],"collection":[{"href":"https:\/\/acsglobal.ro\/en\/wp-json\/wp\/v2\/product"}],"about":[{"href":"https:\/\/acsglobal.ro\/en\/wp-json\/wp\/v2\/types\/product"}],"wp:featuredmedia":[{"embeddable":true,"href":"https:\/\/acsglobal.ro\/en\/wp-json\/wp\/v2\/media\/15154"}],"wp:attachment":[{"href":"https:\/\/acsglobal.ro\/en\/wp-json\/wp\/v2\/media?parent=15156"}],"wp:term":[{"taxonomy":"product_brand","embeddable":true,"href":"https:\/\/acsglobal.ro\/en\/wp-json\/wp\/v2\/product_brand?post=15156"},{"taxonomy":"product_cat","embeddable":true,"href":"https:\/\/acsglobal.ro\/en\/wp-json\/wp\/v2\/product_cat?post=15156"},{"taxonomy":"product_tag","embeddable":true,"href":"https:\/\/acsglobal.ro\/en\/wp-json\/wp\/v2\/product_tag?post=15156"}],"curies":[{"name":"wp","href":"https:\/\/api.w.org\/{rel}","templated":true}]}}