{"id":15158,"date":"2021-12-16T10:00:41","date_gmt":"2021-12-16T08:00:41","guid":{"rendered":"https:\/\/acsglobal.ro\/product\/profil-teava-20x20x6-000-mm-diferite-grosimi\/"},"modified":"2021-12-16T10:00:45","modified_gmt":"2021-12-16T08:00:45","slug":"profil-teava-20x20x6-000-mm-diferite-grosimi","status":"publish","type":"product","link":"https:\/\/acsglobal.ro\/en\/product\/profil-teava-20x20x6-000-mm-diferite-grosimi\/","title":{"rendered":"PROFIL \u0162EAV\u0102 20X20X6.000 MM, DIFERITE GROSIMI"},"content":{"rendered":"","protected":false},"excerpt":{"rendered":"<p>Profil \u0163eav\u0103 metalic\u0103 p\u0103trat\u0103 cu latura de 20 mm<\/p>","protected":false},"featured_media":15157,"template":"","meta":[],"product_brand":[],"product_cat":[68,220],"product_tag":[],"class_list":{"0":"post-15158","1":"product","2":"type-product","3":"status-publish","4":"has-post-thumbnail","6":"product_cat-teava","7":"product_cat-teava-patrata","8":"cms-has-post-thumbnail","10":"first","11":"instock","12":"shipping-taxable","13":"purchasable","14":"product-type-variable"},"_links":{"self":[{"href":"https:\/\/acsglobal.ro\/en\/wp-json\/wp\/v2\/product\/15158","targetHints":{"allow":["GET"]}}],"collection":[{"href":"https:\/\/acsglobal.ro\/en\/wp-json\/wp\/v2\/product"}],"about":[{"href":"https:\/\/acsglobal.ro\/en\/wp-json\/wp\/v2\/types\/product"}],"wp:featuredmedia":[{"embeddable":true,"href":"https:\/\/acsglobal.ro\/en\/wp-json\/wp\/v2\/media\/15157"}],"wp:attachment":[{"href":"https:\/\/acsglobal.ro\/en\/wp-json\/wp\/v2\/media?parent=15158"}],"wp:term":[{"taxonomy":"product_brand","embeddable":true,"href":"https:\/\/acsglobal.ro\/en\/wp-json\/wp\/v2\/product_brand?post=15158"},{"taxonomy":"product_cat","embeddable":true,"href":"https:\/\/acsglobal.ro\/en\/wp-json\/wp\/v2\/product_cat?post=15158"},{"taxonomy":"product_tag","embeddable":true,"href":"https:\/\/acsglobal.ro\/en\/wp-json\/wp\/v2\/product_tag?post=15158"}],"curies":[{"name":"wp","href":"https:\/\/api.w.org\/{rel}","templated":true}]}}