{"id":15166,"date":"2021-12-16T10:00:56","date_gmt":"2021-12-16T08:00:56","guid":{"rendered":"https:\/\/acsglobal.ro\/product\/profil-teava-30x40x6-000-mm-diferite-grosimi\/"},"modified":"2021-12-16T10:00:56","modified_gmt":"2021-12-16T08:00:56","slug":"profil-teava-30x40x6-000-mm-diferite-grosimi","status":"publish","type":"product","link":"https:\/\/acsglobal.ro\/en\/product\/profil-teava-30x40x6-000-mm-diferite-grosimi\/","title":{"rendered":"PROFIL \u0162EAV\u0102 30X40X6.000 MM, DIFERITE GROSIMI"},"content":{"rendered":"","protected":false},"excerpt":{"rendered":"<p>Profil \u0163eav\u0103 metalic\u0103 dreptunghiular\u0103<\/p>","protected":false},"featured_media":15165,"template":"","meta":[],"product_brand":[],"product_cat":[68,221],"product_tag":[],"class_list":{"0":"post-15166","1":"product","2":"type-product","3":"status-publish","4":"has-post-thumbnail","6":"product_cat-teava","7":"product_cat-teava-rectangulara","8":"cms-has-post-thumbnail","10":"first","11":"instock","12":"shipping-taxable","13":"purchasable","14":"product-type-simple"},"_links":{"self":[{"href":"https:\/\/acsglobal.ro\/en\/wp-json\/wp\/v2\/product\/15166","targetHints":{"allow":["GET"]}}],"collection":[{"href":"https:\/\/acsglobal.ro\/en\/wp-json\/wp\/v2\/product"}],"about":[{"href":"https:\/\/acsglobal.ro\/en\/wp-json\/wp\/v2\/types\/product"}],"wp:featuredmedia":[{"embeddable":true,"href":"https:\/\/acsglobal.ro\/en\/wp-json\/wp\/v2\/media\/15165"}],"wp:attachment":[{"href":"https:\/\/acsglobal.ro\/en\/wp-json\/wp\/v2\/media?parent=15166"}],"wp:term":[{"taxonomy":"product_brand","embeddable":true,"href":"https:\/\/acsglobal.ro\/en\/wp-json\/wp\/v2\/product_brand?post=15166"},{"taxonomy":"product_cat","embeddable":true,"href":"https:\/\/acsglobal.ro\/en\/wp-json\/wp\/v2\/product_cat?post=15166"},{"taxonomy":"product_tag","embeddable":true,"href":"https:\/\/acsglobal.ro\/en\/wp-json\/wp\/v2\/product_tag?post=15166"}],"curies":[{"name":"wp","href":"https:\/\/api.w.org\/{rel}","templated":true}]}}