{"id":15181,"date":"2021-12-16T10:01:21","date_gmt":"2021-12-16T08:01:21","guid":{"rendered":"https:\/\/acsglobal.ro\/product\/kp1012-spatar-sezut-scaun-mulat-natur\/"},"modified":"2021-12-16T10:01:21","modified_gmt":"2021-12-16T08:01:21","slug":"kp1012-spatar-sezut-scaun-mulat-natur","status":"publish","type":"product","link":"https:\/\/acsglobal.ro\/en\/product\/kp1012-spatar-sezut-scaun-mulat-natur\/","title":{"rendered":"KP1012 \u2013 SP\u0102TAR + \u015eEZUT SCAUN MULAT, NATUR"},"content":{"rendered":"","protected":false},"excerpt":{"rendered":"<p>Scaun mulat din lemn stratificat, furnir tehnic, care include sp\u0103tar \u015fi \u015fezut.<\/p>","protected":false},"featured_media":0,"template":"","meta":[],"product_brand":[],"product_cat":[69,120],"product_tag":[],"class_list":{"0":"post-15181","1":"product","2":"type-product","3":"status-publish","5":"product_cat-mobilier","6":"product_cat-scaune-mulate","7":"cms-has-post-thumbnail","9":"first","10":"instock","11":"shipping-taxable","12":"purchasable","13":"product-type-simple"},"_links":{"self":[{"href":"https:\/\/acsglobal.ro\/en\/wp-json\/wp\/v2\/product\/15181","targetHints":{"allow":["GET"]}}],"collection":[{"href":"https:\/\/acsglobal.ro\/en\/wp-json\/wp\/v2\/product"}],"about":[{"href":"https:\/\/acsglobal.ro\/en\/wp-json\/wp\/v2\/types\/product"}],"wp:attachment":[{"href":"https:\/\/acsglobal.ro\/en\/wp-json\/wp\/v2\/media?parent=15181"}],"wp:term":[{"taxonomy":"product_brand","embeddable":true,"href":"https:\/\/acsglobal.ro\/en\/wp-json\/wp\/v2\/product_brand?post=15181"},{"taxonomy":"product_cat","embeddable":true,"href":"https:\/\/acsglobal.ro\/en\/wp-json\/wp\/v2\/product_cat?post=15181"},{"taxonomy":"product_tag","embeddable":true,"href":"https:\/\/acsglobal.ro\/en\/wp-json\/wp\/v2\/product_tag?post=15181"}],"curies":[{"name":"wp","href":"https:\/\/api.w.org\/{rel}","templated":true}]}}