{"id":15203,"date":"2021-12-16T10:02:03","date_gmt":"2021-12-16T08:02:03","guid":{"rendered":"https:\/\/acsglobal.ro\/product\/kp1024-placa-metal-pentru-picior-mulat-1020-1022\/"},"modified":"2021-12-16T10:02:03","modified_gmt":"2021-12-16T08:02:03","slug":"kp1024-placa-metal-pentru-picior-mulat-1020-1022","status":"publish","type":"product","link":"https:\/\/acsglobal.ro\/en\/product\/kp1024-placa-metal-pentru-picior-mulat-1020-1022\/","title":{"rendered":"KP1024 \u2013 PLAC\u0102 METAL PENTRU PICIOR MULAT (1020, 1022)"},"content":{"rendered":"","protected":false},"excerpt":{"rendered":"<p>Plac\u0103 metalic\u0103  de prindere picior mulat<\/p>","protected":false},"featured_media":0,"template":"","meta":[],"product_brand":[],"product_cat":[122,69],"product_tag":[],"class_list":{"0":"post-15203","1":"product","2":"type-product","3":"status-publish","5":"product_cat-accesorii-scaune","6":"product_cat-mobilier","7":"cms-has-post-thumbnail","9":"first","10":"instock","11":"shipping-taxable","12":"purchasable","13":"product-type-simple"},"_links":{"self":[{"href":"https:\/\/acsglobal.ro\/en\/wp-json\/wp\/v2\/product\/15203","targetHints":{"allow":["GET"]}}],"collection":[{"href":"https:\/\/acsglobal.ro\/en\/wp-json\/wp\/v2\/product"}],"about":[{"href":"https:\/\/acsglobal.ro\/en\/wp-json\/wp\/v2\/types\/product"}],"wp:attachment":[{"href":"https:\/\/acsglobal.ro\/en\/wp-json\/wp\/v2\/media?parent=15203"}],"wp:term":[{"taxonomy":"product_brand","embeddable":true,"href":"https:\/\/acsglobal.ro\/en\/wp-json\/wp\/v2\/product_brand?post=15203"},{"taxonomy":"product_cat","embeddable":true,"href":"https:\/\/acsglobal.ro\/en\/wp-json\/wp\/v2\/product_cat?post=15203"},{"taxonomy":"product_tag","embeddable":true,"href":"https:\/\/acsglobal.ro\/en\/wp-json\/wp\/v2\/product_tag?post=15203"}],"curies":[{"name":"wp","href":"https:\/\/api.w.org\/{rel}","templated":true}]}}