{"id":15206,"date":"2021-12-16T10:02:08","date_gmt":"2021-12-16T08:02:08","guid":{"rendered":"https:\/\/acsglobal.ro\/product\/bk-coltar-protectie-mobilier-mare-plastic\/"},"modified":"2021-12-16T10:02:08","modified_gmt":"2021-12-16T08:02:08","slug":"bk-coltar-protectie-mobilier-mare-plastic","status":"publish","type":"product","link":"https:\/\/acsglobal.ro\/en\/product\/bk-coltar-protectie-mobilier-mare-plastic\/","title":{"rendered":"BK \u2013 COL\u0162AR PROTEC\u0162IE MOBILIER MARE, PLASTIC"},"content":{"rendered":"","protected":false},"excerpt":{"rendered":"<p>Col\u0163ar de protec\u0163ie din plastic pentru ambalare mobilier<\/p>","protected":false},"featured_media":15205,"template":"","meta":[],"product_brand":[],"product_cat":[123,69],"product_tag":[],"class_list":{"0":"post-15206","1":"product","2":"type-product","3":"status-publish","4":"has-post-thumbnail","6":"product_cat-coltare","7":"product_cat-mobilier","8":"cms-has-post-thumbnail","10":"first","11":"instock","12":"shipping-taxable","13":"purchasable","14":"product-type-simple"},"_links":{"self":[{"href":"https:\/\/acsglobal.ro\/en\/wp-json\/wp\/v2\/product\/15206","targetHints":{"allow":["GET"]}}],"collection":[{"href":"https:\/\/acsglobal.ro\/en\/wp-json\/wp\/v2\/product"}],"about":[{"href":"https:\/\/acsglobal.ro\/en\/wp-json\/wp\/v2\/types\/product"}],"wp:featuredmedia":[{"embeddable":true,"href":"https:\/\/acsglobal.ro\/en\/wp-json\/wp\/v2\/media\/15205"}],"wp:attachment":[{"href":"https:\/\/acsglobal.ro\/en\/wp-json\/wp\/v2\/media?parent=15206"}],"wp:term":[{"taxonomy":"product_brand","embeddable":true,"href":"https:\/\/acsglobal.ro\/en\/wp-json\/wp\/v2\/product_brand?post=15206"},{"taxonomy":"product_cat","embeddable":true,"href":"https:\/\/acsglobal.ro\/en\/wp-json\/wp\/v2\/product_cat?post=15206"},{"taxonomy":"product_tag","embeddable":true,"href":"https:\/\/acsglobal.ro\/en\/wp-json\/wp\/v2\/product_tag?post=15206"}],"curies":[{"name":"wp","href":"https:\/\/api.w.org\/{rel}","templated":true}]}}