{"id":15211,"date":"2021-12-16T10:02:15","date_gmt":"2021-12-16T08:02:15","guid":{"rendered":"https:\/\/acsglobal.ro\/product\/kkk-coltar-protectie-mobilier-triunghiular-plastic\/"},"modified":"2021-12-16T10:02:15","modified_gmt":"2021-12-16T08:02:15","slug":"kkk-coltar-protectie-mobilier-triunghiular-plastic","status":"publish","type":"product","link":"https:\/\/acsglobal.ro\/en\/product\/kkk-coltar-protectie-mobilier-triunghiular-plastic\/","title":{"rendered":"KKK \u2013 COL\u0162AR PROTEC\u0162IE MOBILIER TRIUNGHIULAR, PLASTIC"},"content":{"rendered":"","protected":false},"excerpt":{"rendered":"<p>Col\u0163ar de protec\u0163ie din plastic pentru ambalare mobilier<\/p>","protected":false},"featured_media":15210,"template":"","meta":[],"product_brand":[],"product_cat":[123,69],"product_tag":[],"class_list":{"0":"post-15211","1":"product","2":"type-product","3":"status-publish","4":"has-post-thumbnail","6":"product_cat-coltare","7":"product_cat-mobilier","8":"cms-has-post-thumbnail","10":"first","11":"instock","12":"shipping-taxable","13":"purchasable","14":"product-type-simple"},"_links":{"self":[{"href":"https:\/\/acsglobal.ro\/en\/wp-json\/wp\/v2\/product\/15211","targetHints":{"allow":["GET"]}}],"collection":[{"href":"https:\/\/acsglobal.ro\/en\/wp-json\/wp\/v2\/product"}],"about":[{"href":"https:\/\/acsglobal.ro\/en\/wp-json\/wp\/v2\/types\/product"}],"wp:featuredmedia":[{"embeddable":true,"href":"https:\/\/acsglobal.ro\/en\/wp-json\/wp\/v2\/media\/15210"}],"wp:attachment":[{"href":"https:\/\/acsglobal.ro\/en\/wp-json\/wp\/v2\/media?parent=15211"}],"wp:term":[{"taxonomy":"product_brand","embeddable":true,"href":"https:\/\/acsglobal.ro\/en\/wp-json\/wp\/v2\/product_brand?post=15211"},{"taxonomy":"product_cat","embeddable":true,"href":"https:\/\/acsglobal.ro\/en\/wp-json\/wp\/v2\/product_cat?post=15211"},{"taxonomy":"product_tag","embeddable":true,"href":"https:\/\/acsglobal.ro\/en\/wp-json\/wp\/v2\/product_tag?post=15211"}],"curies":[{"name":"wp","href":"https:\/\/api.w.org\/{rel}","templated":true}]}}