{"id":15213,"date":"2021-12-16T10:02:17","date_gmt":"2021-12-16T08:02:17","guid":{"rendered":"https:\/\/acsglobal.ro\/product\/hartie-gumata-alba-15mm-34gr-mp-0-gauri\/"},"modified":"2021-12-16T10:02:17","modified_gmt":"2021-12-16T08:02:17","slug":"hartie-gumata-alba-15mm-34gr-mp-0-gauri","status":"publish","type":"product","link":"https:\/\/acsglobal.ro\/en\/product\/hartie-gumata-alba-15mm-34gr-mp-0-gauri\/","title":{"rendered":"H\u00c2RTIE GUMAT\u0102 ALB\u0102 15MM 34GR\/MP 0 G\u0102URI"},"content":{"rendered":"","protected":false},"excerpt":{"rendered":"<p>Hartie gumat\u0103 folosit\u0103 la alipirea foilor de furnir in realizarea panourilor furniruite<\/p>","protected":false},"featured_media":15212,"template":"","meta":[],"product_brand":[],"product_cat":[124,69],"product_tag":[],"class_list":{"0":"post-15213","1":"product","2":"type-product","3":"status-publish","4":"has-post-thumbnail","6":"product_cat-hartie-gumata","7":"product_cat-mobilier","8":"cms-has-post-thumbnail","10":"first","11":"instock","12":"shipping-taxable","13":"purchasable","14":"product-type-simple"},"_links":{"self":[{"href":"https:\/\/acsglobal.ro\/en\/wp-json\/wp\/v2\/product\/15213","targetHints":{"allow":["GET"]}}],"collection":[{"href":"https:\/\/acsglobal.ro\/en\/wp-json\/wp\/v2\/product"}],"about":[{"href":"https:\/\/acsglobal.ro\/en\/wp-json\/wp\/v2\/types\/product"}],"wp:featuredmedia":[{"embeddable":true,"href":"https:\/\/acsglobal.ro\/en\/wp-json\/wp\/v2\/media\/15212"}],"wp:attachment":[{"href":"https:\/\/acsglobal.ro\/en\/wp-json\/wp\/v2\/media?parent=15213"}],"wp:term":[{"taxonomy":"product_brand","embeddable":true,"href":"https:\/\/acsglobal.ro\/en\/wp-json\/wp\/v2\/product_brand?post=15213"},{"taxonomy":"product_cat","embeddable":true,"href":"https:\/\/acsglobal.ro\/en\/wp-json\/wp\/v2\/product_cat?post=15213"},{"taxonomy":"product_tag","embeddable":true,"href":"https:\/\/acsglobal.ro\/en\/wp-json\/wp\/v2\/product_tag?post=15213"}],"curies":[{"name":"wp","href":"https:\/\/api.w.org\/{rel}","templated":true}]}}