{"id":15235,"date":"2021-12-16T10:02:55","date_gmt":"2021-12-16T08:02:55","guid":{"rendered":"https:\/\/acsglobal.ro\/product\/cant-profil-30mm-ac-diferite-culori\/"},"modified":"2021-12-16T10:03:00","modified_gmt":"2021-12-16T08:03:00","slug":"cant-profil-30mm-ac-diferite-culori","status":"publish","type":"product","link":"https:\/\/acsglobal.ro\/en\/product\/cant-profil-30mm-ac-diferite-culori\/","title":{"rendered":"CANT PROFIL 30MM AC &#8211; DIFERITE CULORI"},"content":{"rendered":"","protected":false},"excerpt":{"rendered":"<p>Cant PVC cu inser\u0163ie de 30 mm l\u0103\u0163ime, cu acoperire, diferite culori, folosit la mobilier din PAL melaminat<\/p>","protected":false},"featured_media":15234,"template":"","meta":[],"product_brand":[],"product_cat":[130,69],"product_tag":[],"class_list":{"0":"post-15235","1":"product","2":"type-product","3":"status-publish","4":"has-post-thumbnail","6":"product_cat-canturi","7":"product_cat-mobilier","8":"cms-has-post-thumbnail","10":"first","11":"instock","12":"shipping-taxable","13":"purchasable","14":"product-type-variable"},"_links":{"self":[{"href":"https:\/\/acsglobal.ro\/en\/wp-json\/wp\/v2\/product\/15235","targetHints":{"allow":["GET"]}}],"collection":[{"href":"https:\/\/acsglobal.ro\/en\/wp-json\/wp\/v2\/product"}],"about":[{"href":"https:\/\/acsglobal.ro\/en\/wp-json\/wp\/v2\/types\/product"}],"wp:featuredmedia":[{"embeddable":true,"href":"https:\/\/acsglobal.ro\/en\/wp-json\/wp\/v2\/media\/15234"}],"wp:attachment":[{"href":"https:\/\/acsglobal.ro\/en\/wp-json\/wp\/v2\/media?parent=15235"}],"wp:term":[{"taxonomy":"product_brand","embeddable":true,"href":"https:\/\/acsglobal.ro\/en\/wp-json\/wp\/v2\/product_brand?post=15235"},{"taxonomy":"product_cat","embeddable":true,"href":"https:\/\/acsglobal.ro\/en\/wp-json\/wp\/v2\/product_cat?post=15235"},{"taxonomy":"product_tag","embeddable":true,"href":"https:\/\/acsglobal.ro\/en\/wp-json\/wp\/v2\/product_tag?post=15235"}],"curies":[{"name":"wp","href":"https:\/\/api.w.org\/{rel}","templated":true}]}}