{"id":15256,"date":"2021-12-16T10:03:34","date_gmt":"2021-12-16T08:03:34","guid":{"rendered":"https:\/\/acsglobal.ro\/product\/banda-cant-43-2mm\/"},"modified":"2021-12-16T12:46:57","modified_gmt":"2021-12-16T10:46:57","slug":"banda-cant-43-2mm","status":"publish","type":"product","link":"https:\/\/acsglobal.ro\/en\/product\/banda-cant-43-2mm\/","title":{"rendered":"SINGING BAND 43 \/ 2MM"},"content":{"rendered":"","protected":false},"excerpt":{"rendered":"<p>Banda cant PVC metalizat, 43mm la\u0163ime, 2 mm grosime, satinat\u0103, folosit\u0103 la mobilier din PAL melaminat<\/p>","protected":false},"featured_media":15255,"template":"","meta":[],"product_brand":[],"product_cat":[131,69],"product_tag":[],"class_list":{"0":"post-15256","1":"product","2":"type-product","3":"status-publish","4":"has-post-thumbnail","6":"product_cat-folie-cant","7":"product_cat-mobilier","8":"cms-has-post-thumbnail","10":"first","11":"instock","12":"featured","13":"shipping-taxable","14":"purchasable","15":"product-type-simple"},"_links":{"self":[{"href":"https:\/\/acsglobal.ro\/en\/wp-json\/wp\/v2\/product\/15256","targetHints":{"allow":["GET"]}}],"collection":[{"href":"https:\/\/acsglobal.ro\/en\/wp-json\/wp\/v2\/product"}],"about":[{"href":"https:\/\/acsglobal.ro\/en\/wp-json\/wp\/v2\/types\/product"}],"wp:featuredmedia":[{"embeddable":true,"href":"https:\/\/acsglobal.ro\/en\/wp-json\/wp\/v2\/media\/15255"}],"wp:attachment":[{"href":"https:\/\/acsglobal.ro\/en\/wp-json\/wp\/v2\/media?parent=15256"}],"wp:term":[{"taxonomy":"product_brand","embeddable":true,"href":"https:\/\/acsglobal.ro\/en\/wp-json\/wp\/v2\/product_brand?post=15256"},{"taxonomy":"product_cat","embeddable":true,"href":"https:\/\/acsglobal.ro\/en\/wp-json\/wp\/v2\/product_cat?post=15256"},{"taxonomy":"product_tag","embeddable":true,"href":"https:\/\/acsglobal.ro\/en\/wp-json\/wp\/v2\/product_tag?post=15256"}],"curies":[{"name":"wp","href":"https:\/\/api.w.org\/{rel}","templated":true}]}}