{"id":15258,"date":"2021-12-16T10:03:37","date_gmt":"2021-12-16T08:03:37","guid":{"rendered":"https:\/\/acsglobal.ro\/product\/film-technic-manual-0-5x266m-12microni-1-4-0-30-kg\/"},"modified":"2021-12-16T12:46:13","modified_gmt":"2021-12-16T10:46:13","slug":"film-technic-manual-0-5x266m-12microni-1-4-0-30-kg","status":"publish","type":"product","link":"https:\/\/acsglobal.ro\/en\/product\/film-technic-manual-0-5x266m-12microni-1-4-0-30-kg\/","title":{"rendered":"FILM TECHNIC MANUAL 0.5x266M, 12MICRONS, 1.4 \/ 0.30 Kg"},"content":{"rendered":"","protected":false},"excerpt":{"rendered":"<p>Folie stretch folosit\u0103 la \u00eempachetare manual\u0103<\/p>","protected":false},"featured_media":15257,"template":"","meta":[],"product_brand":[],"product_cat":[132,69],"product_tag":[],"class_list":{"0":"post-15258","1":"product","2":"type-product","3":"status-publish","4":"has-post-thumbnail","6":"product_cat-materiale-ambalare","7":"product_cat-mobilier","8":"cms-has-post-thumbnail","10":"first","11":"instock","12":"featured","13":"shipping-taxable","14":"purchasable","15":"product-type-simple"},"_links":{"self":[{"href":"https:\/\/acsglobal.ro\/en\/wp-json\/wp\/v2\/product\/15258","targetHints":{"allow":["GET"]}}],"collection":[{"href":"https:\/\/acsglobal.ro\/en\/wp-json\/wp\/v2\/product"}],"about":[{"href":"https:\/\/acsglobal.ro\/en\/wp-json\/wp\/v2\/types\/product"}],"wp:featuredmedia":[{"embeddable":true,"href":"https:\/\/acsglobal.ro\/en\/wp-json\/wp\/v2\/media\/15257"}],"wp:attachment":[{"href":"https:\/\/acsglobal.ro\/en\/wp-json\/wp\/v2\/media?parent=15258"}],"wp:term":[{"taxonomy":"product_brand","embeddable":true,"href":"https:\/\/acsglobal.ro\/en\/wp-json\/wp\/v2\/product_brand?post=15258"},{"taxonomy":"product_cat","embeddable":true,"href":"https:\/\/acsglobal.ro\/en\/wp-json\/wp\/v2\/product_cat?post=15258"},{"taxonomy":"product_tag","embeddable":true,"href":"https:\/\/acsglobal.ro\/en\/wp-json\/wp\/v2\/product_tag?post=15258"}],"curies":[{"name":"wp","href":"https:\/\/api.w.org\/{rel}","templated":true}]}}