{"id":15264,"date":"2021-12-16T10:03:50","date_gmt":"2021-12-16T08:03:50","guid":{"rendered":"https:\/\/acsglobal.ro\/product\/yk1-maner-saltea-alb-auriu\/"},"modified":"2021-12-16T10:03:50","modified_gmt":"2021-12-16T08:03:50","slug":"yk1-maner-saltea-alb-auriu","status":"publish","type":"product","link":"https:\/\/acsglobal.ro\/en\/product\/yk1-maner-saltea-alb-auriu\/","title":{"rendered":"YK1 \u2013 M\u00c2NER SALTEA ALB\/AURIU"},"content":{"rendered":"","protected":false},"excerpt":{"rendered":"<p>M\u00e2ner ce se monteaz\u0103 pe partea lateral\u0103 a saltelei pentru u\u015furin\u0163a manevr\u0103rii<\/p>","protected":false},"featured_media":15263,"template":"","meta":[],"product_brand":[],"product_cat":[133,70],"product_tag":[],"class_list":{"0":"post-15264","1":"product","2":"type-product","3":"status-publish","4":"has-post-thumbnail","6":"product_cat-accesorii-saltele","7":"product_cat-alte-accesorii","8":"cms-has-post-thumbnail","10":"first","11":"instock","12":"shipping-taxable","13":"purchasable","14":"product-type-simple"},"_links":{"self":[{"href":"https:\/\/acsglobal.ro\/en\/wp-json\/wp\/v2\/product\/15264","targetHints":{"allow":["GET"]}}],"collection":[{"href":"https:\/\/acsglobal.ro\/en\/wp-json\/wp\/v2\/product"}],"about":[{"href":"https:\/\/acsglobal.ro\/en\/wp-json\/wp\/v2\/types\/product"}],"wp:featuredmedia":[{"embeddable":true,"href":"https:\/\/acsglobal.ro\/en\/wp-json\/wp\/v2\/media\/15263"}],"wp:attachment":[{"href":"https:\/\/acsglobal.ro\/en\/wp-json\/wp\/v2\/media?parent=15264"}],"wp:term":[{"taxonomy":"product_brand","embeddable":true,"href":"https:\/\/acsglobal.ro\/en\/wp-json\/wp\/v2\/product_brand?post=15264"},{"taxonomy":"product_cat","embeddable":true,"href":"https:\/\/acsglobal.ro\/en\/wp-json\/wp\/v2\/product_cat?post=15264"},{"taxonomy":"product_tag","embeddable":true,"href":"https:\/\/acsglobal.ro\/en\/wp-json\/wp\/v2\/product_tag?post=15264"}],"curies":[{"name":"wp","href":"https:\/\/api.w.org\/{rel}","templated":true}]}}