{"id":15268,"date":"2021-12-16T10:03:55","date_gmt":"2021-12-16T08:03:55","guid":{"rendered":"https:\/\/acsglobal.ro\/product\/franjuri-tapiterie-h35mm-diferite-culori\/"},"modified":"2021-12-16T12:46:09","modified_gmt":"2021-12-16T10:46:09","slug":"franjuri-tapiterie-h35mm-diferite-culori","status":"publish","type":"product","link":"https:\/\/acsglobal.ro\/en\/product\/franjuri-tapiterie-h35mm-diferite-culori\/","title":{"rendered":"UPHOLSTERY FRINGES, H35MM, DIFFERENT COLORS"},"content":{"rendered":"","protected":false},"excerpt":{"rendered":"<p>Franjuri de a\u0163\u0103 din poliester pentru tapi\u0163erie<\/p>","protected":false},"featured_media":15266,"template":"","meta":[],"product_brand":[],"product_cat":[218,70],"product_tag":[],"class_list":{"0":"post-15268","1":"product","2":"type-product","3":"status-publish","4":"has-post-thumbnail","6":"product_cat-accesorii-tapiterie","7":"product_cat-alte-accesorii","8":"cms-has-post-thumbnail","10":"first","11":"instock","12":"featured","13":"shipping-taxable","14":"purchasable","15":"product-type-variable"},"_links":{"self":[{"href":"https:\/\/acsglobal.ro\/en\/wp-json\/wp\/v2\/product\/15268","targetHints":{"allow":["GET"]}}],"collection":[{"href":"https:\/\/acsglobal.ro\/en\/wp-json\/wp\/v2\/product"}],"about":[{"href":"https:\/\/acsglobal.ro\/en\/wp-json\/wp\/v2\/types\/product"}],"wp:featuredmedia":[{"embeddable":true,"href":"https:\/\/acsglobal.ro\/en\/wp-json\/wp\/v2\/media\/15266"}],"wp:attachment":[{"href":"https:\/\/acsglobal.ro\/en\/wp-json\/wp\/v2\/media?parent=15268"}],"wp:term":[{"taxonomy":"product_brand","embeddable":true,"href":"https:\/\/acsglobal.ro\/en\/wp-json\/wp\/v2\/product_brand?post=15268"},{"taxonomy":"product_cat","embeddable":true,"href":"https:\/\/acsglobal.ro\/en\/wp-json\/wp\/v2\/product_cat?post=15268"},{"taxonomy":"product_tag","embeddable":true,"href":"https:\/\/acsglobal.ro\/en\/wp-json\/wp\/v2\/product_tag?post=15268"}],"curies":[{"name":"wp","href":"https:\/\/api.w.org\/{rel}","templated":true}]}}