{"id":15274,"date":"2021-12-16T10:04:09","date_gmt":"2021-12-16T08:04:09","guid":{"rendered":"https:\/\/acsglobal.ro\/product\/tts-27-banda-cu-pin-pentru-tapitat-l-685mm\/"},"modified":"2021-12-16T10:04:09","modified_gmt":"2021-12-16T08:04:09","slug":"tts-27-banda-cu-pin-pentru-tapitat-l-685mm","status":"publish","type":"product","link":"https:\/\/acsglobal.ro\/en\/product\/tts-27-banda-cu-pin-pentru-tapitat-l-685mm\/","title":{"rendered":"TTS.27 \u2013 BAND\u0102 CU PIN PENTRU TAPI\u0162AT, L 685MM"},"content":{"rendered":"","protected":false},"excerpt":{"rendered":"<p>Profil metalic rigid folosit \u00een tapi\u0163erie pentru a intinde pielea uniform, in zonele unde nu pot fi folosite capsele<\/p>","protected":false},"featured_media":0,"template":"","meta":[],"product_brand":[],"product_cat":[219,57],"product_tag":[],"class_list":{"0":"post-15274","1":"product","2":"type-product","3":"status-publish","5":"product_cat-accesorii-capse-cuie","6":"product_cat-capse-cuie","7":"cms-has-post-thumbnail","9":"first","10":"instock","11":"shipping-taxable","12":"purchasable","13":"product-type-simple"},"_links":{"self":[{"href":"https:\/\/acsglobal.ro\/en\/wp-json\/wp\/v2\/product\/15274","targetHints":{"allow":["GET"]}}],"collection":[{"href":"https:\/\/acsglobal.ro\/en\/wp-json\/wp\/v2\/product"}],"about":[{"href":"https:\/\/acsglobal.ro\/en\/wp-json\/wp\/v2\/types\/product"}],"wp:attachment":[{"href":"https:\/\/acsglobal.ro\/en\/wp-json\/wp\/v2\/media?parent=15274"}],"wp:term":[{"taxonomy":"product_brand","embeddable":true,"href":"https:\/\/acsglobal.ro\/en\/wp-json\/wp\/v2\/product_brand?post=15274"},{"taxonomy":"product_cat","embeddable":true,"href":"https:\/\/acsglobal.ro\/en\/wp-json\/wp\/v2\/product_cat?post=15274"},{"taxonomy":"product_tag","embeddable":true,"href":"https:\/\/acsglobal.ro\/en\/wp-json\/wp\/v2\/product_tag?post=15274"}],"curies":[{"name":"wp","href":"https:\/\/api.w.org\/{rel}","templated":true}]}}