{"id":15275,"date":"2021-12-16T10:04:11","date_gmt":"2021-12-16T08:04:11","guid":{"rendered":"https:\/\/acsglobal.ro\/product\/dks-03-banda-cu-pin-pentru-tapitat-l-1-500mm\/"},"modified":"2021-12-16T10:04:11","modified_gmt":"2021-12-16T08:04:11","slug":"dks-03-banda-cu-pin-pentru-tapitat-l-1-500mm","status":"publish","type":"product","link":"https:\/\/acsglobal.ro\/en\/product\/dks-03-banda-cu-pin-pentru-tapitat-l-1-500mm\/","title":{"rendered":"DKS.03 \u2013 BAND\u0102 CU PIN PENTRU TAPI\u0162AT, L 1.500MM"},"content":{"rendered":"","protected":false},"excerpt":{"rendered":"<p>Profil metalic flexibil folosit \u00een tapi\u0163erie la scaune, fotolii, acolo unde nu pot fi folosite capsele<\/p>","protected":false},"featured_media":0,"template":"","meta":[],"product_brand":[],"product_cat":[219,57],"product_tag":[],"class_list":{"0":"post-15275","1":"product","2":"type-product","3":"status-publish","5":"product_cat-accesorii-capse-cuie","6":"product_cat-capse-cuie","7":"cms-has-post-thumbnail","9":"first","10":"instock","11":"shipping-taxable","12":"purchasable","13":"product-type-simple"},"_links":{"self":[{"href":"https:\/\/acsglobal.ro\/en\/wp-json\/wp\/v2\/product\/15275","targetHints":{"allow":["GET"]}}],"collection":[{"href":"https:\/\/acsglobal.ro\/en\/wp-json\/wp\/v2\/product"}],"about":[{"href":"https:\/\/acsglobal.ro\/en\/wp-json\/wp\/v2\/types\/product"}],"wp:attachment":[{"href":"https:\/\/acsglobal.ro\/en\/wp-json\/wp\/v2\/media?parent=15275"}],"wp:term":[{"taxonomy":"product_brand","embeddable":true,"href":"https:\/\/acsglobal.ro\/en\/wp-json\/wp\/v2\/product_brand?post=15275"},{"taxonomy":"product_cat","embeddable":true,"href":"https:\/\/acsglobal.ro\/en\/wp-json\/wp\/v2\/product_cat?post=15275"},{"taxonomy":"product_tag","embeddable":true,"href":"https:\/\/acsglobal.ro\/en\/wp-json\/wp\/v2\/product_tag?post=15275"}],"curies":[{"name":"wp","href":"https:\/\/api.w.org\/{rel}","templated":true}]}}