{"id":15481,"date":"2021-12-16T18:52:28","date_gmt":"2021-12-16T16:52:28","guid":{"rendered":"https:\/\/acsglobal.ro\/product\/ps191-picior-vepa-h180mm-plastic-diferite-culori\/"},"modified":"2021-12-16T18:52:35","modified_gmt":"2021-12-16T16:52:35","slug":"ps191-picior-vepa-h180mm-plastic-diferite-culori","status":"publish","type":"product","link":"https:\/\/acsglobal.ro\/en\/product\/ps191-picior-vepa-h180mm-plastic-diferite-culori\/","title":{"rendered":"PS191 \u2013 PICIOR VEPA H180MM, PLASTIC, DIFERITE CULORI"},"content":{"rendered":"","protected":false},"excerpt":{"rendered":"<p>Picior din plastic pentru canapele; imaginea reprezint\u0103 o compara\u0163ie \u00eentre cele 2 modele, PS191 \u015fi PS192.<\/p>","protected":false},"featured_media":0,"template":"","meta":[],"product_brand":[],"product_cat":[225,54,75],"product_tag":[],"class_list":{"0":"post-15481","1":"product","2":"type-product","3":"status-publish","5":"product_cat-alte-colectii","6":"product_cat-picioare-mobilier","7":"product_cat-picioare-plastic-si-accesorii","8":"cms-has-post-thumbnail","10":"first","11":"instock","12":"shipping-taxable","13":"purchasable","14":"product-type-variable"},"_links":{"self":[{"href":"https:\/\/acsglobal.ro\/en\/wp-json\/wp\/v2\/product\/15481","targetHints":{"allow":["GET"]}}],"collection":[{"href":"https:\/\/acsglobal.ro\/en\/wp-json\/wp\/v2\/product"}],"about":[{"href":"https:\/\/acsglobal.ro\/en\/wp-json\/wp\/v2\/types\/product"}],"wp:attachment":[{"href":"https:\/\/acsglobal.ro\/en\/wp-json\/wp\/v2\/media?parent=15481"}],"wp:term":[{"taxonomy":"product_brand","embeddable":true,"href":"https:\/\/acsglobal.ro\/en\/wp-json\/wp\/v2\/product_brand?post=15481"},{"taxonomy":"product_cat","embeddable":true,"href":"https:\/\/acsglobal.ro\/en\/wp-json\/wp\/v2\/product_cat?post=15481"},{"taxonomy":"product_tag","embeddable":true,"href":"https:\/\/acsglobal.ro\/en\/wp-json\/wp\/v2\/product_tag?post=15481"}],"curies":[{"name":"wp","href":"https:\/\/api.w.org\/{rel}","templated":true}]}}