{"id":15489,"date":"2021-12-16T18:52:49","date_gmt":"2021-12-16T16:52:49","guid":{"rendered":"https:\/\/acsglobal.ro\/product\/m21-extra-balama-sertar-deschidere-simpla\/"},"modified":"2021-12-16T18:52:49","modified_gmt":"2021-12-16T16:52:49","slug":"m21-extra-balama-sertar-deschidere-simpla","status":"publish","type":"product","link":"https:\/\/acsglobal.ro\/en\/product\/m21-extra-balama-sertar-deschidere-simpla\/","title":{"rendered":"M21 EXTRA \u2013 BALAMA SERTAR, DESCHIDERE SIMPL\u0102"},"content":{"rendered":"","protected":false},"excerpt":{"rendered":"<p>Mecanismul care ofer\u0103 caracteristica de a fi un pat cu unghi de mi\u0219care semicircular\u0103 trage carcasa sub fontul scaunului canapelei \u00een profil \u0219i canapele \u00eencadrate din lemn. \u00cen plus, datorit\u0103 profilului s\u0103u, faciliteaz\u0103 munca cu litere mici \u0219i ofer\u0103 un avantaj de cost.<\/p>","protected":false},"featured_media":0,"template":"","meta":[],"product_brand":[],"product_cat":[78,55],"product_tag":[],"class_list":{"0":"post-15489","1":"product","2":"type-product","3":"status-publish","5":"product_cat-balamale","6":"product_cat-mecanisme","7":"cms-has-post-thumbnail","9":"first","10":"instock","11":"shipping-taxable","12":"purchasable","13":"product-type-simple"},"_links":{"self":[{"href":"https:\/\/acsglobal.ro\/en\/wp-json\/wp\/v2\/product\/15489","targetHints":{"allow":["GET"]}}],"collection":[{"href":"https:\/\/acsglobal.ro\/en\/wp-json\/wp\/v2\/product"}],"about":[{"href":"https:\/\/acsglobal.ro\/en\/wp-json\/wp\/v2\/types\/product"}],"wp:attachment":[{"href":"https:\/\/acsglobal.ro\/en\/wp-json\/wp\/v2\/media?parent=15489"}],"wp:term":[{"taxonomy":"product_brand","embeddable":true,"href":"https:\/\/acsglobal.ro\/en\/wp-json\/wp\/v2\/product_brand?post=15489"},{"taxonomy":"product_cat","embeddable":true,"href":"https:\/\/acsglobal.ro\/en\/wp-json\/wp\/v2\/product_cat?post=15489"},{"taxonomy":"product_tag","embeddable":true,"href":"https:\/\/acsglobal.ro\/en\/wp-json\/wp\/v2\/product_tag?post=15489"}],"curies":[{"name":"wp","href":"https:\/\/api.w.org\/{rel}","templated":true}]}}