{"id":15491,"date":"2021-12-16T18:52:54","date_gmt":"2021-12-16T16:52:54","guid":{"rendered":"https:\/\/acsglobal.ro\/product\/m03-set-sina-glisare-canapele\/"},"modified":"2021-12-16T18:52:54","modified_gmt":"2021-12-16T16:52:54","slug":"m03-set-sina-glisare-canapele","status":"publish","type":"product","link":"https:\/\/acsglobal.ro\/en\/product\/m03-set-sina-glisare-canapele\/","title":{"rendered":"M03 \u2013 SET \u015eIN\u0102 GLISARE CANAPELE"},"content":{"rendered":"","protected":false},"excerpt":{"rendered":"<p>Set compus din dou\u0103 \u0219ine de gllisare st\u00e2nga-dreapta \u0219i dou\u0103 rotile metalice; se folose\u0219te \u00eempreun\u0103 cu balamalele M05\/M06 la extinderea p\u0103r\u021bii inferioare a canapelei<\/p>","protected":false},"featured_media":0,"template":"","meta":[],"product_brand":[],"product_cat":[79,55],"product_tag":[],"class_list":{"0":"post-15491","1":"product","2":"type-product","3":"status-publish","5":"product_cat-accesorii-balamale","6":"product_cat-mecanisme","7":"cms-has-post-thumbnail","9":"first","10":"instock","11":"shipping-taxable","12":"purchasable","13":"product-type-simple"},"_links":{"self":[{"href":"https:\/\/acsglobal.ro\/en\/wp-json\/wp\/v2\/product\/15491","targetHints":{"allow":["GET"]}}],"collection":[{"href":"https:\/\/acsglobal.ro\/en\/wp-json\/wp\/v2\/product"}],"about":[{"href":"https:\/\/acsglobal.ro\/en\/wp-json\/wp\/v2\/types\/product"}],"wp:attachment":[{"href":"https:\/\/acsglobal.ro\/en\/wp-json\/wp\/v2\/media?parent=15491"}],"wp:term":[{"taxonomy":"product_brand","embeddable":true,"href":"https:\/\/acsglobal.ro\/en\/wp-json\/wp\/v2\/product_brand?post=15491"},{"taxonomy":"product_cat","embeddable":true,"href":"https:\/\/acsglobal.ro\/en\/wp-json\/wp\/v2\/product_cat?post=15491"},{"taxonomy":"product_tag","embeddable":true,"href":"https:\/\/acsglobal.ro\/en\/wp-json\/wp\/v2\/product_tag?post=15491"}],"curies":[{"name":"wp","href":"https:\/\/api.w.org\/{rel}","templated":true}]}}