{"id":15492,"date":"2021-12-16T18:52:56","date_gmt":"2021-12-16T16:52:56","guid":{"rendered":"https:\/\/acsglobal.ro\/product\/mt1208-s-scula-pneumatica-pt-insurubat\/"},"modified":"2021-12-16T18:52:56","modified_gmt":"2021-12-16T16:52:56","slug":"mt1208-s-scula-pneumatica-pt-insurubat","status":"publish","type":"product","link":"https:\/\/acsglobal.ro\/en\/product\/mt1208-s-scula-pneumatica-pt-insurubat\/","title":{"rendered":"MT1208 S \u2013 SCUL\u0102 PNEUMATIC\u0102 PT. \u00ceN\u015eURUBAT"},"content":{"rendered":"","protected":false},"excerpt":{"rendered":"<p>Scul\u0103 pneumatic\u0103 pentru \u00een\u015furubat<\/p>","protected":false},"featured_media":0,"template":"","meta":[],"product_brand":[],"product_cat":[96,58],"product_tag":[],"class_list":{"0":"post-15492","1":"product","2":"type-product","3":"status-publish","5":"product_cat-alte-scule","6":"product_cat-scule","7":"cms-has-post-thumbnail","9":"first","10":"instock","11":"shipping-taxable","12":"purchasable","13":"product-type-simple"},"_links":{"self":[{"href":"https:\/\/acsglobal.ro\/en\/wp-json\/wp\/v2\/product\/15492","targetHints":{"allow":["GET"]}}],"collection":[{"href":"https:\/\/acsglobal.ro\/en\/wp-json\/wp\/v2\/product"}],"about":[{"href":"https:\/\/acsglobal.ro\/en\/wp-json\/wp\/v2\/types\/product"}],"wp:attachment":[{"href":"https:\/\/acsglobal.ro\/en\/wp-json\/wp\/v2\/media?parent=15492"}],"wp:term":[{"taxonomy":"product_brand","embeddable":true,"href":"https:\/\/acsglobal.ro\/en\/wp-json\/wp\/v2\/product_brand?post=15492"},{"taxonomy":"product_cat","embeddable":true,"href":"https:\/\/acsglobal.ro\/en\/wp-json\/wp\/v2\/product_cat?post=15492"},{"taxonomy":"product_tag","embeddable":true,"href":"https:\/\/acsglobal.ro\/en\/wp-json\/wp\/v2\/product_tag?post=15492"}],"curies":[{"name":"wp","href":"https:\/\/api.w.org\/{rel}","templated":true}]}}