{"id":15493,"date":"2021-12-16T18:53:02","date_gmt":"2021-12-16T16:53:02","guid":{"rendered":"https:\/\/acsglobal.ro\/product\/irisi-stofa-poliester-100\/"},"modified":"2021-12-16T18:53:02","modified_gmt":"2021-12-16T16:53:02","slug":"irisi-stofa-poliester-100","status":"publish","type":"product","link":"https:\/\/acsglobal.ro\/en\/product\/irisi-stofa-poliester-100\/","title":{"rendered":"IRI\u015eI \u2013 STOF\u0102 POLIESTER 100%"},"content":{"rendered":"","protected":false},"excerpt":{"rendered":"<p>Stof\u0103 de tapi\u0163erie din poliester cu backing sub\u0163ire, din poliester rigid<\/p>","protected":false},"featured_media":0,"template":"","meta":[],"product_brand":[],"product_cat":[112,64],"product_tag":[],"class_list":{"0":"post-15493","1":"product","2":"type-product","3":"status-publish","5":"product_cat-colectia-de-catifea","6":"product_cat-stofe","7":"cms-has-post-thumbnail","9":"first","10":"instock","11":"shipping-taxable","12":"purchasable","13":"product-type-simple"},"_links":{"self":[{"href":"https:\/\/acsglobal.ro\/en\/wp-json\/wp\/v2\/product\/15493","targetHints":{"allow":["GET"]}}],"collection":[{"href":"https:\/\/acsglobal.ro\/en\/wp-json\/wp\/v2\/product"}],"about":[{"href":"https:\/\/acsglobal.ro\/en\/wp-json\/wp\/v2\/types\/product"}],"wp:attachment":[{"href":"https:\/\/acsglobal.ro\/en\/wp-json\/wp\/v2\/media?parent=15493"}],"wp:term":[{"taxonomy":"product_brand","embeddable":true,"href":"https:\/\/acsglobal.ro\/en\/wp-json\/wp\/v2\/product_brand?post=15493"},{"taxonomy":"product_cat","embeddable":true,"href":"https:\/\/acsglobal.ro\/en\/wp-json\/wp\/v2\/product_cat?post=15493"},{"taxonomy":"product_tag","embeddable":true,"href":"https:\/\/acsglobal.ro\/en\/wp-json\/wp\/v2\/product_tag?post=15493"}],"curies":[{"name":"wp","href":"https:\/\/api.w.org\/{rel}","templated":true}]}}